{"id":22,"date":"2016-02-12T08:11:05","date_gmt":"2016-02-12T08:11:05","guid":{"rendered":"http:\/\/demos.famethemes.com\/onepress\/?page_id=22"},"modified":"2024-02-14T09:37:55","modified_gmt":"2024-02-14T08:37:55","slug":"our-vision","status":"publish","type":"page","link":"https:\/\/maisonjoudi.fr\/index.php\/our-vision\/","title":{"rendered":"42 Rue de Qu\u00e9bec"},"content":{"rendered":"<p>Retrouvez notre plus grande boulangerie <a href=\"https:\/\/maps.app.goo.gl\/LuH886MWfcF7Uxjt5\">42 rue de Qu\u00e9bec<\/a> \u00e0 Annonay.<br \/>Profitez de notre espace restauration pour d\u00e9guster nos couscous, nos brunch ou tout simplement un bon caf\u00e9.<\/p>\n<p>Num\u00e9ro de t\u00e9l\u00e9phone : <a href=\"tel:0987115640\">0987115640<\/a><\/p>\n\n\n<figure class=\"wp-block-table is-style-stripes\"><table><thead><tr><th colspan=\"2\">HORAIRES<\/th><\/tr><\/thead><tbody><tr><td>Lundi<\/td><td>Ferm\u00e9<\/td><\/tr><tr><td>Mardi<\/td><td>05:30\u201319:00<\/td><\/tr><tr><td>Mercredi<\/td><td>05:30\u201319:00<\/td><\/tr><tr><td>Jeudi<\/td><td>05:30\u201319:00<\/td><\/tr><tr><td>Vendredi<\/td><td>05:30\u201319:00<\/td><\/tr><tr><td>Samedi<\/td><td>05:30\u201319:00<\/td><\/tr><tr><td>Dimanche<\/td><td>05:00\u201313:00<\/td><\/tr><\/tbody><\/table><\/figure>\n","protected":false},"excerpt":{"rendered":"<p>Retrouvez notre plus grande boulangerie 42 rue de Qu\u00e9bec \u00e0 Annonay.Profitez de notre espace restauration pour d\u00e9guster nos couscous, nos brunch ou tout simplement un bon caf\u00e9. Num\u00e9ro de t\u00e9l\u00e9phone &#8230;<\/p>\n","protected":false},"author":1,"featured_media":1506,"parent":0,"menu_order":0,"comment_status":"closed","ping_status":"closed","template":"","meta":{"footnotes":""},"_links":{"self":[{"href":"https:\/\/maisonjoudi.fr\/index.php\/wp-json\/wp\/v2\/pages\/22"}],"collection":[{"href":"https:\/\/maisonjoudi.fr\/index.php\/wp-json\/wp\/v2\/pages"}],"about":[{"href":"https:\/\/maisonjoudi.fr\/index.php\/wp-json\/wp\/v2\/types\/page"}],"author":[{"embeddable":true,"href":"https:\/\/maisonjoudi.fr\/index.php\/wp-json\/wp\/v2\/users\/1"}],"replies":[{"embeddable":true,"href":"https:\/\/maisonjoudi.fr\/index.php\/wp-json\/wp\/v2\/comments?post=22"}],"version-history":[{"count":6,"href":"https:\/\/maisonjoudi.fr\/index.php\/wp-json\/wp\/v2\/pages\/22\/revisions"}],"predecessor-version":[{"id":1532,"href":"https:\/\/maisonjoudi.fr\/index.php\/wp-json\/wp\/v2\/pages\/22\/revisions\/1532"}],"wp:featuredmedia":[{"embeddable":true,"href":"https:\/\/maisonjoudi.fr\/index.php\/wp-json\/wp\/v2\/media\/1506"}],"wp:attachment":[{"href":"https:\/\/maisonjoudi.fr\/index.php\/wp-json\/wp\/v2\/media?parent=22"}],"curies":[{"name":"wp","href":"https:\/\/api.w.org\/{rel}","templated":true}]}}